{"id":593,"date":"2025-04-22T07:45:37","date_gmt":"2025-04-22T05:45:37","guid":{"rendered":"https:\/\/multipart.si\/?page_id=593"},"modified":"2025-06-23T20:58:43","modified_gmt":"2025-06-23T18:58:43","slug":"partnerji","status":"publish","type":"page","link":"https:\/\/multipart.si\/en\/partnerji\/","title":{"rendered":"Partners"},"content":{"rendered":"<div data-elementor-type=\"wp-page\" data-elementor-id=\"593\" class=\"elementor elementor-593\" data-elementor-post-type=\"page\">\n\t\t\t\t<div class=\"elementor-element elementor-element-004591b e-flex e-con-boxed e-con e-parent\" data-id=\"004591b\" data-element_type=\"container\" data-e-type=\"container\">\n\t\t\t\t\t<div class=\"e-con-inner\">\n\t\t\t\t<div class=\"elementor-element elementor-element-bcd4482 elementor-widget elementor-widget-heading\" data-id=\"bcd4482\" data-element_type=\"widget\" data-e-type=\"widget\" data-widget_type=\"heading.default\">\n\t\t\t\t<div class=\"elementor-widget-container\">\n\t\t\t\t\t<h2 class=\"elementor-heading-title elementor-size-default\">Partners<\/h2>\t\t\t\t<\/div>\n\t\t\t\t<\/div>\n\t\t\t\t\t<\/div>\n\t\t\t\t<\/div>\n\t\t<div class=\"elementor-element elementor-element-abb62e3 e-flex e-con-boxed e-con e-parent\" data-id=\"abb62e3\" data-element_type=\"container\" data-e-type=\"container\">\n\t\t\t\t\t<div class=\"e-con-inner\">\n\t\t<div class=\"elementor-element elementor-element-6b9f7e9 e-con-full e-flex e-con e-child\" data-id=\"6b9f7e9\" data-element_type=\"container\" data-e-type=\"container\">\n\t\t\t\t<div class=\"elementor-element elementor-element-5fa6a93 elementor-widget elementor-widget-heading\" data-id=\"5fa6a93\" data-element_type=\"widget\" data-e-type=\"widget\" data-widget_type=\"heading.default\">\n\t\t\t\t<div class=\"elementor-widget-container\">\n\t\t\t\t\t<h2 class=\"elementor-heading-title elementor-size-default\">Natural science<\/h2>\t\t\t\t<\/div>\n\t\t\t\t<\/div>\n\t\t<div class=\"elementor-element elementor-element-a085552 e-con-full e-flex e-con e-child\" data-id=\"a085552\" data-element_type=\"container\" data-e-type=\"container\">\n\t\t\t\t<div class=\"elementor-element elementor-element-058103f elementor-position-left elementor-vertical-align-top elementor-widget elementor-widget-image-box\" data-id=\"058103f\" data-element_type=\"widget\" data-e-type=\"widget\" data-widget_type=\"image-box.default\">\n\t\t\t\t<div class=\"elementor-widget-container\">\n\t\t\t\t\t<div class=\"elementor-image-box-wrapper\"><figure class=\"elementor-image-box-img\"><a href=\"http:\/\/google.com\" tabindex=\"-1\"><img fetchpriority=\"high\" decoding=\"async\" width=\"630\" height=\"630\" src=\"https:\/\/multipart.si\/wp-content\/uploads\/2025\/06\/1.png\" class=\"attachment-full size-full wp-image-950\" alt=\"\" srcset=\"https:\/\/multipart.si\/wp-content\/uploads\/2025\/06\/1.png 630w, https:\/\/multipart.si\/wp-content\/uploads\/2025\/06\/1-300x300.png 300w, https:\/\/multipart.si\/wp-content\/uploads\/2025\/06\/1-150x150.png 150w, https:\/\/multipart.si\/wp-content\/uploads\/2025\/06\/1-12x12.png 12w\" sizes=\"(max-width: 630px) 100vw, 630px\" \/><\/a><\/figure><div class=\"elementor-image-box-content\"><h3 class=\"elementor-image-box-title\"><a href=\"http:\/\/google.com\">Institut Jo\u017eef Stefan (koordinator)<\/a><\/h3><p class=\"elementor-image-box-description\">The Jo\u017eef Stefan Institute (JSI) is a key research partner in the MultiPart project, contributing expertise in the fields of environmental science, advanced analytical methods, nanotechnology, modeling\/UI, human biomonitoring, and participatory research. The role of IJS includes project coordination, development of innovative tools, assessment of the impact of environmental pollutants on health, and promoting community involvement for improved decision-making in anthropogenically altered environments.<\/p><\/div><\/div>\t\t\t\t<\/div>\n\t\t\t\t<\/div>\n\t\t\t\t<div class=\"elementor-element elementor-element-9cfe06a elementor-position-left elementor-vertical-align-top elementor-widget elementor-widget-image-box\" data-id=\"9cfe06a\" data-element_type=\"widget\" data-e-type=\"widget\" data-widget_type=\"image-box.default\">\n\t\t\t\t<div class=\"elementor-widget-container\">\n\t\t\t\t\t<div class=\"elementor-image-box-wrapper\"><figure class=\"elementor-image-box-img\"><img decoding=\"async\" width=\"630\" height=\"630\" src=\"https:\/\/multipart.si\/wp-content\/uploads\/2025\/04\/5.jpg\" class=\"attachment-full size-full wp-image-444\" alt=\"\" srcset=\"https:\/\/multipart.si\/wp-content\/uploads\/2025\/04\/5.jpg 630w, https:\/\/multipart.si\/wp-content\/uploads\/2025\/04\/5-300x300.jpg 300w, https:\/\/multipart.si\/wp-content\/uploads\/2025\/04\/5-150x150.jpg 150w, https:\/\/multipart.si\/wp-content\/uploads\/2025\/04\/5-12x12.jpg 12w\" sizes=\"(max-width: 630px) 100vw, 630px\" \/><\/figure><div class=\"elementor-image-box-content\"><h3 class=\"elementor-image-box-title\">MEIS d.o.o.<\/h3><p class=\"elementor-image-box-description\">MEIS d.o.o. is a key partner in the MultiPart project, contributing its expertise to the development of an integrated ecosystem of big data on the environment, health, and well-being. MEIS is responsible for creating a database that will enable the exchange of information between different working groups within the project. This database is crucial for comprehensive processing and integration of collected data, which is essential for effective research work. MEIS will specifically address the database of measured and simulated environmental data, ensuring that it is organized chronologically and spatially, and will develop tools for comparison with EU directives on air quality.<\/p><\/div><\/div>\t\t\t\t<\/div>\n\t\t\t\t<\/div>\n\t\t\t\t<div class=\"elementor-element elementor-element-b076b6f elementor-position-left elementor-vertical-align-top elementor-widget elementor-widget-image-box\" data-id=\"b076b6f\" data-element_type=\"widget\" data-e-type=\"widget\" data-widget_type=\"image-box.default\">\n\t\t\t\t<div class=\"elementor-widget-container\">\n\t\t\t\t\t<div class=\"elementor-image-box-wrapper\"><figure class=\"elementor-image-box-img\"><img decoding=\"async\" width=\"630\" height=\"630\" src=\"https:\/\/multipart.si\/wp-content\/uploads\/2025\/04\/8.jpg\" class=\"attachment-full size-full wp-image-447\" alt=\"Aerosol_Magee_Scientific\" srcset=\"https:\/\/multipart.si\/wp-content\/uploads\/2025\/04\/8.jpg 630w, https:\/\/multipart.si\/wp-content\/uploads\/2025\/04\/8-300x300.jpg 300w, https:\/\/multipart.si\/wp-content\/uploads\/2025\/04\/8-150x150.jpg 150w, https:\/\/multipart.si\/wp-content\/uploads\/2025\/04\/8-12x12.jpg 12w\" sizes=\"(max-width: 630px) 100vw, 630px\" \/><\/figure><div class=\"elementor-image-box-content\"><h3 class=\"elementor-image-box-title\">Aerosol Magee Scientific d.o.o.<\/h3><p class=\"elementor-image-box-description\">Podjetje Aerosol Magee Scientific d.o.o. je partner v projektu MultiPart, ki prispeva svoje strokovno znanje na podro\u010dju spremljanja kakovosti zunanjega in notranjega zraka. Podjetje je vklju\u010deno v nalogo 4.2, ki se osredoto\u010da na celovito karakterizacijo ravni onesna\u017eenosti zunanjega in notranjega zraka. <\/p><\/div><\/div>\t\t\t\t<\/div>\n\t\t\t\t<\/div>\n\t\t\t\t<div class=\"elementor-element elementor-element-0228545 elementor-position-left elementor-vertical-align-top elementor-widget elementor-widget-image-box\" data-id=\"0228545\" data-element_type=\"widget\" data-e-type=\"widget\" data-widget_type=\"image-box.default\">\n\t\t\t\t<div class=\"elementor-widget-container\">\n\t\t\t\t\t<div class=\"elementor-image-box-wrapper\"><figure class=\"elementor-image-box-img\"><img loading=\"lazy\" decoding=\"async\" width=\"630\" height=\"630\" src=\"https:\/\/multipart.si\/wp-content\/uploads\/2025\/04\/4.jpg\" class=\"attachment-full size-full wp-image-452\" alt=\"\" srcset=\"https:\/\/multipart.si\/wp-content\/uploads\/2025\/04\/4.jpg 630w, https:\/\/multipart.si\/wp-content\/uploads\/2025\/04\/4-300x300.jpg 300w, https:\/\/multipart.si\/wp-content\/uploads\/2025\/04\/4-150x150.jpg 150w, https:\/\/multipart.si\/wp-content\/uploads\/2025\/04\/4-12x12.jpg 12w\" sizes=\"(max-width: 630px) 100vw, 630px\" \/><\/figure><div class=\"elementor-image-box-content\"><h3 class=\"elementor-image-box-title\">IOS d.o.o.<\/h3><p class=\"elementor-image-box-description\">IOS d.o.o. is a partner in the MultiPart project, contributing expertise in the development of photonic nano-sensors for detecting stress biomarkers. These sensors will be used to detect biomarkers such as dopamine, serotonin, and cortisol.<\/p><\/div><\/div>\t\t\t\t<\/div>\n\t\t\t\t<\/div>\n\t\t\t\t<\/div>\n\t\t\t\t<\/div>\n\t\t<div class=\"elementor-element elementor-element-6ba629b e-con-full e-flex e-con e-child\" data-id=\"6ba629b\" data-element_type=\"container\" data-e-type=\"container\">\n\t\t\t\t<div class=\"elementor-element elementor-element-2c2ba08 elementor-widget elementor-widget-heading\" data-id=\"2c2ba08\" data-element_type=\"widget\" data-e-type=\"widget\" data-widget_type=\"heading.default\">\n\t\t\t\t<div class=\"elementor-widget-container\">\n\t\t\t\t\t<h2 class=\"elementor-heading-title elementor-size-default\">Technological innovation and development<\/h2>\t\t\t\t<\/div>\n\t\t\t\t<\/div>\n\t\t<div class=\"elementor-element elementor-element-5966183 e-con-full e-flex e-con e-child\" data-id=\"5966183\" data-element_type=\"container\" data-e-type=\"container\">\n\t\t\t\t<div class=\"elementor-element elementor-element-8d569bf elementor-position-left elementor-vertical-align-top elementor-widget elementor-widget-image-box\" data-id=\"8d569bf\" data-element_type=\"widget\" data-e-type=\"widget\" data-widget_type=\"image-box.default\">\n\t\t\t\t<div class=\"elementor-widget-container\">\n\t\t\t\t\t<div class=\"elementor-image-box-wrapper\"><figure class=\"elementor-image-box-img\"><img loading=\"lazy\" decoding=\"async\" width=\"630\" height=\"630\" src=\"https:\/\/multipart.si\/wp-content\/uploads\/2025\/04\/3.jpg\" class=\"attachment-full size-full wp-image-451\" alt=\"\" srcset=\"https:\/\/multipart.si\/wp-content\/uploads\/2025\/04\/3.jpg 630w, https:\/\/multipart.si\/wp-content\/uploads\/2025\/04\/3-300x300.jpg 300w, https:\/\/multipart.si\/wp-content\/uploads\/2025\/04\/3-150x150.jpg 150w, https:\/\/multipart.si\/wp-content\/uploads\/2025\/04\/3-12x12.jpg 12w\" sizes=\"(max-width: 630px) 100vw, 630px\" \/><\/figure><div class=\"elementor-image-box-content\"><h3 class=\"elementor-image-box-title\">Alpacem Cement d.d.<\/h3><p class=\"elementor-image-box-description\">Podjetje Alpacem Cement d.d. upravlja cementarno v Anhovem. V projektu MultiPart aktivno sodeluje pri zmanj\u0161evanju emisij onesna\u017eeval in spremljanju kakovosti zraka.  Podjetje uvaja nove tehnologije za zmanj\u0161anje emisij in ocenjuje u\u010dinkovitost teh tehnologij. <\/p><\/div><\/div>\t\t\t\t<\/div>\n\t\t\t\t<\/div>\n\t\t\t\t<\/div>\n\t\t\t\t<\/div>\n\t\t<div class=\"elementor-element elementor-element-d712ec0 e-con-full e-flex e-con e-child\" data-id=\"d712ec0\" data-element_type=\"container\" data-e-type=\"container\">\n\t\t\t\t<div class=\"elementor-element elementor-element-dac8a30 elementor-widget elementor-widget-heading\" data-id=\"dac8a30\" data-element_type=\"widget\" data-e-type=\"widget\" data-widget_type=\"heading.default\">\n\t\t\t\t<div class=\"elementor-widget-container\">\n\t\t\t\t\t<h2 class=\"elementor-heading-title elementor-size-default\">Medicine and environmental health<\/h2>\t\t\t\t<\/div>\n\t\t\t\t<\/div>\n\t\t<div class=\"elementor-element elementor-element-42ca969 e-con-full e-flex e-con e-child\" data-id=\"42ca969\" data-element_type=\"container\" data-e-type=\"container\">\n\t\t\t\t<div class=\"elementor-element elementor-element-b14aee5 elementor-position-left elementor-vertical-align-top elementor-widget elementor-widget-image-box\" data-id=\"b14aee5\" data-element_type=\"widget\" data-e-type=\"widget\" data-widget_type=\"image-box.default\">\n\t\t\t\t<div class=\"elementor-widget-container\">\n\t\t\t\t\t<div class=\"elementor-image-box-wrapper\"><figure class=\"elementor-image-box-img\"><img loading=\"lazy\" decoding=\"async\" width=\"630\" height=\"630\" src=\"https:\/\/multipart.si\/wp-content\/uploads\/2025\/04\/6.jpg\" class=\"attachment-full size-full wp-image-445\" alt=\"\" srcset=\"https:\/\/multipart.si\/wp-content\/uploads\/2025\/04\/6.jpg 630w, https:\/\/multipart.si\/wp-content\/uploads\/2025\/04\/6-300x300.jpg 300w, https:\/\/multipart.si\/wp-content\/uploads\/2025\/04\/6-150x150.jpg 150w, https:\/\/multipart.si\/wp-content\/uploads\/2025\/04\/6-12x12.jpg 12w\" sizes=\"(max-width: 630px) 100vw, 630px\" \/><\/figure><div class=\"elementor-image-box-content\"><h3 class=\"elementor-image-box-title\">University of Ljubljana, Faculty of Medicine<\/h3><p class=\"elementor-image-box-description\">The Medical Faculty of the University of Ljubljana (UL-MF) contributes to the MultiPart project by assessing the health status of population groups. This includes identifying factors of well-being and mental health in relation to social-demographic and psychological characteristics, lifestyle, community, and environmental data, and other stressors.<\/p><\/div><\/div>\t\t\t\t<\/div>\n\t\t\t\t<\/div>\n\t\t\t\t<\/div>\n\t\t\t\t<\/div>\n\t\t<div class=\"elementor-element elementor-element-d5e9dc4 e-con-full e-flex e-con e-child\" data-id=\"d5e9dc4\" data-element_type=\"container\" data-e-type=\"container\">\n\t\t\t\t<div class=\"elementor-element elementor-element-9222afe elementor-widget elementor-widget-heading\" data-id=\"9222afe\" data-element_type=\"widget\" data-e-type=\"widget\" data-widget_type=\"heading.default\">\n\t\t\t\t<div class=\"elementor-widget-container\">\n\t\t\t\t\t<h2 class=\"elementor-heading-title elementor-size-default\">Psychology<\/h2>\t\t\t\t<\/div>\n\t\t\t\t<\/div>\n\t\t<div class=\"elementor-element elementor-element-eaa9ef5 e-con-full e-flex e-con e-child\" data-id=\"eaa9ef5\" data-element_type=\"container\" data-e-type=\"container\">\n\t\t\t\t<div class=\"elementor-element elementor-element-a5cea3b elementor-position-left elementor-vertical-align-top elementor-widget elementor-widget-image-box\" data-id=\"a5cea3b\" data-element_type=\"widget\" data-e-type=\"widget\" data-widget_type=\"image-box.default\">\n\t\t\t\t<div class=\"elementor-widget-container\">\n\t\t\t\t\t<div class=\"elementor-image-box-wrapper\"><figure class=\"elementor-image-box-img\"><img loading=\"lazy\" decoding=\"async\" width=\"630\" height=\"630\" src=\"https:\/\/multipart.si\/wp-content\/uploads\/2025\/04\/7.jpg\" class=\"attachment-full size-full wp-image-446\" alt=\"\" srcset=\"https:\/\/multipart.si\/wp-content\/uploads\/2025\/04\/7.jpg 630w, https:\/\/multipart.si\/wp-content\/uploads\/2025\/04\/7-300x300.jpg 300w, https:\/\/multipart.si\/wp-content\/uploads\/2025\/04\/7-150x150.jpg 150w, https:\/\/multipart.si\/wp-content\/uploads\/2025\/04\/7-12x12.jpg 12w\" sizes=\"(max-width: 630px) 100vw, 630px\" \/><\/figure><div class=\"elementor-image-box-content\"><h3 class=\"elementor-image-box-title\">University of Ljubljana, Faculty of Philosophy<\/h3><p class=\"elementor-image-box-description\">The Faculty of Philosophy, University of Ljubljana (FF-UL) leads activities in the MultiPart project that include the establishment of a participatory research platform. This platform encourages dialogue and cooperation among academia, citizens, industry, policymakers, and other stakeholders. FF-UL also participates in surveys and workshops aimed at understanding and addressing the environmental and health concerns of the local community.<\/p><\/div><\/div>\t\t\t\t<\/div>\n\t\t\t\t<\/div>\n\t\t\t\t<\/div>\n\t\t\t\t<\/div>\n\t\t<div class=\"elementor-element elementor-element-bca741e e-con-full e-flex e-con e-child\" data-id=\"bca741e\" data-element_type=\"container\" data-e-type=\"container\">\n\t\t\t\t<div class=\"elementor-element elementor-element-4978c2a elementor-widget elementor-widget-heading\" data-id=\"4978c2a\" data-element_type=\"widget\" data-e-type=\"widget\" data-widget_type=\"heading.default\">\n\t\t\t\t<div class=\"elementor-widget-container\">\n\t\t\t\t\t<h2 class=\"elementor-heading-title elementor-size-default\">Social science<\/h2>\t\t\t\t<\/div>\n\t\t\t\t<\/div>\n\t\t<div class=\"elementor-element elementor-element-3f3e499 e-con-full e-flex e-con e-child\" data-id=\"3f3e499\" data-element_type=\"container\" data-e-type=\"container\">\n\t\t\t\t<div class=\"elementor-element elementor-element-e9ef633 elementor-position-left elementor-vertical-align-top elementor-widget elementor-widget-image-box\" data-id=\"e9ef633\" data-element_type=\"widget\" data-e-type=\"widget\" data-widget_type=\"image-box.default\">\n\t\t\t\t<div class=\"elementor-widget-container\">\n\t\t\t\t\t<div class=\"elementor-image-box-wrapper\"><figure class=\"elementor-image-box-img\"><img loading=\"lazy\" decoding=\"async\" width=\"630\" height=\"630\" src=\"https:\/\/multipart.si\/wp-content\/uploads\/2025\/04\/2.jpg\" class=\"attachment-full size-full wp-image-450\" alt=\"\" srcset=\"https:\/\/multipart.si\/wp-content\/uploads\/2025\/04\/2.jpg 630w, https:\/\/multipart.si\/wp-content\/uploads\/2025\/04\/2-300x300.jpg 300w, https:\/\/multipart.si\/wp-content\/uploads\/2025\/04\/2-150x150.jpg 150w, https:\/\/multipart.si\/wp-content\/uploads\/2025\/04\/2-12x12.jpg 12w\" sizes=\"(max-width: 630px) 100vw, 630px\" \/><\/figure><div class=\"elementor-image-box-content\"><h3 class=\"elementor-image-box-title\">Znanstveno-raziskovalni center Slovenske akademije znanosti in umetnosti, ZRC-SAZU<\/h3><p class=\"elementor-image-box-description\">The Research Centre of the Slovenian Academy of Sciences and Arts (ZRC SAZU) is leading activities related to the establishment of a participatory research platform in the MultiPart project. This platform encourages dialogue and cooperation among academia, citizens, industry, policymakers, and other stakeholders. ZRC SAZU also participates in organizing workshops aimed at addressing environmental and health concerns of the local community.<\/p><\/div><\/div>\t\t\t\t<\/div>\n\t\t\t\t<\/div>\n\t\t\t\t<\/div>\n\t\t\t\t<\/div>\n\t\t<div class=\"elementor-element elementor-element-948eb08 e-con-full e-flex e-con e-child\" data-id=\"948eb08\" data-element_type=\"container\" data-e-type=\"container\">\n\t\t\t\t<div class=\"elementor-element elementor-element-0871d2e elementor-widget elementor-widget-heading\" data-id=\"0871d2e\" data-element_type=\"widget\" data-e-type=\"widget\" data-widget_type=\"heading.default\">\n\t\t\t\t<div class=\"elementor-widget-container\">\n\t\t\t\t\t<h2 class=\"elementor-heading-title elementor-size-default\">Communication and education<\/h2>\t\t\t\t<\/div>\n\t\t\t\t<\/div>\n\t\t<div class=\"elementor-element elementor-element-851d5c3 e-con-full e-flex e-con e-child\" data-id=\"851d5c3\" data-element_type=\"container\" data-e-type=\"container\">\n\t\t\t\t<div class=\"elementor-element elementor-element-43aabf9 elementor-position-left elementor-vertical-align-top elementor-widget elementor-widget-image-box\" data-id=\"43aabf9\" data-element_type=\"widget\" data-e-type=\"widget\" data-widget_type=\"image-box.default\">\n\t\t\t\t<div class=\"elementor-widget-container\">\n\t\t\t\t\t<div class=\"elementor-image-box-wrapper\"><figure class=\"elementor-image-box-img\"><img loading=\"lazy\" decoding=\"async\" width=\"630\" height=\"630\" src=\"https:\/\/multipart.si\/wp-content\/uploads\/2025\/04\/9.jpg\" class=\"attachment-full size-full wp-image-448\" alt=\"\" srcset=\"https:\/\/multipart.si\/wp-content\/uploads\/2025\/04\/9.jpg 630w, https:\/\/multipart.si\/wp-content\/uploads\/2025\/04\/9-300x300.jpg 300w, https:\/\/multipart.si\/wp-content\/uploads\/2025\/04\/9-150x150.jpg 150w, https:\/\/multipart.si\/wp-content\/uploads\/2025\/04\/9-12x12.jpg 12w\" sizes=\"(max-width: 630px) 100vw, 630px\" \/><\/figure><div class=\"elementor-image-box-content\"><h3 class=\"elementor-image-box-title\">International postgraduate school Jo\u017eef Stefan<\/h3><p class=\"elementor-image-box-description\">The International Doctoral School Jo\u017eef Stefan (MP\u0160) contributes to the training of participants, building competencies, organizing workshops, and implementing awareness-raising activities in the MultiPart project. <\/p><\/div><\/div>\t\t\t\t<\/div>\n\t\t\t\t<\/div>\n\t\t\t\t<\/div>\n\t\t\t\t<\/div>\n\t\t\t\t\t<\/div>\n\t\t\t\t<\/div>\n\t\t\t\t<\/div>","protected":false},"excerpt":{"rendered":"<p>Partnerji Naravoslovje Institut Jo\u017eef Stefan (koordinator) Institut Jo\u017eef Stefan (IJS) je klju\u010dni raziskovalni partner v projektu MultiPart, ki prispeva strokovno znanje na podro\u010djih okoljskih znanosti, naprednih analitskih metod, nanotehnologije, modeliranja\/UI, humanega biomonitoringa in participativnega raziskovanja. Vloga IJS obsega koordinacijo projekta, razvoj inovativnih orodij, ocenjevanje vpliva okoljskih onesna\u017eeval na zdravje ter spodbujanje vklju\u010devanja skupnosti za izbolj\u0161ano [&hellip;]<\/p>\n","protected":false},"author":2,"featured_media":0,"parent":0,"menu_order":0,"comment_status":"closed","ping_status":"closed","template":"","meta":{"footnotes":""},"class_list":["post-593","page","type-page","status-publish","hentry"],"_links":{"self":[{"href":"https:\/\/multipart.si\/en\/wp-json\/wp\/v2\/pages\/593","targetHints":{"allow":["GET"]}}],"collection":[{"href":"https:\/\/multipart.si\/en\/wp-json\/wp\/v2\/pages"}],"about":[{"href":"https:\/\/multipart.si\/en\/wp-json\/wp\/v2\/types\/page"}],"author":[{"embeddable":true,"href":"https:\/\/multipart.si\/en\/wp-json\/wp\/v2\/users\/2"}],"replies":[{"embeddable":true,"href":"https:\/\/multipart.si\/en\/wp-json\/wp\/v2\/comments?post=593"}],"version-history":[{"count":13,"href":"https:\/\/multipart.si\/en\/wp-json\/wp\/v2\/pages\/593\/revisions"}],"predecessor-version":[{"id":979,"href":"https:\/\/multipart.si\/en\/wp-json\/wp\/v2\/pages\/593\/revisions\/979"}],"wp:attachment":[{"href":"https:\/\/multipart.si\/en\/wp-json\/wp\/v2\/media?parent=593"}],"curies":[{"name":"wp","href":"https:\/\/api.w.org\/{rel}","templated":true}]}}